{"id":199,"date":"2015-01-04T13:08:21","date_gmt":"2015-01-04T13:08:21","guid":{"rendered":"http:\/\/gunnarkrantz.se\/?page_id=199"},"modified":"2023-06-01T22:27:19","modified_gmt":"2023-06-01T22:27:19","slug":"epix-serier-for-vuxna","status":"publish","type":"page","link":"https:\/\/gunnarkrantz.se\/?page_id=199","title":{"rendered":"epix"},"content":{"rendered":"<p>EPIX<br \/>\n1984 var jag med och drog ig\u00e5ng&nbsp; v\u00e5gen av vuxenserier. F\u00f6rst med att skapa den grafiska formen p\u00e5 tidningen Epix och sedan som redakt\u00f6r f\u00f6r tidningen Pox (som jag personligen tycker \u00e4r den mest intressanta serietidning som getts ut i v\u00e5rt land).<\/p>\n<p><a href=\"http:\/\/gunnarkrantz.se\/wp-content\/uploads\/2015\/01\/epix_logo_gk.jpg\"><img loading=\"lazy\" decoding=\"async\" class=\"alignnone wp-image-265 size-full\" src=\"http:\/\/gunnarkrantz.se\/wp-content\/uploads\/2015\/01\/epix_logo_gk.jpg\" alt=\"epix_logo_gk\" width=\"538\" height=\"262\" srcset=\"https:\/\/gunnarkrantz.se\/wp-content\/uploads\/2015\/01\/epix_logo_gk.jpg 538w, https:\/\/gunnarkrantz.se\/wp-content\/uploads\/2015\/01\/epix_logo_gk-300x146.jpg 300w\" sizes=\"auto, (max-width: 538px) 100vw, 538px\" \/><\/a><br \/>\n1986 expanderade f\u00f6rlaget&nbsp; med titlar som Tung Metall, Maxx, Elixir, samlingsutg\u00e5vorna Pox Special och Studio Epix och \u00e5ret d\u00e4rp\u00e5 kom den \u00e4ventyrsinriktade Casablanca. Till detta ska ocks\u00e5 l\u00e4ggas en omfattande utgivning av seriealbum under etiketten Medusa. Jag bidrog till formgivningen till de flesta titlarna och ansvarade \u00e4ven f\u00f6r f\u00f6rlagets marknadsf\u00f6ring. Under de f\u00f6rsta \u00e5ren var v\u00e5ra resurser mycket sm\u00e5 och en hel del av annonsmaterialet framst\u00e4lldes f\u00f6r hand, i form av m\u00e5lningar och collage.<\/p>\n<p>Ett av mina f\u00f6rsta uppdrag p\u00e5 Epix var att g\u00f6ra tidningens baksida. Jag fick fria h\u00e4nder, men det fick inte kosta n\u00e5gonting. F\u00f6rutom f\u00e4rgseparationen d\u00e5, som gjordes i trumscanner p\u00e5 tryckeriet. En scanning kostade 1984 runt tusenlappen.&nbsp; Jag pr\u00f6vade flera olika tekniker. Akvarell, gouache, akryl, collage och manuell f\u00e4rgseparation p\u00e5 \u00f6verl\u00e4gg.<\/p>\n<p><a href=\"http:\/\/gunnarkrantz.se\/wp-content\/uploads\/2015\/01\/epix_baksida_Gunnar_Krantz.jpg\"><img loading=\"lazy\" decoding=\"async\" class=\"alignnone wp-image-277 size-full\" src=\"http:\/\/gunnarkrantz.se\/wp-content\/uploads\/2015\/01\/epix_baksida_Gunnar_Krantz.jpg\" alt=\"epix_baksida_Gunnar_Krantz\" width=\"243\" height=\"320\" srcset=\"https:\/\/gunnarkrantz.se\/wp-content\/uploads\/2015\/01\/epix_baksida_Gunnar_Krantz.jpg 243w, https:\/\/gunnarkrantz.se\/wp-content\/uploads\/2015\/01\/epix_baksida_Gunnar_Krantz-228x300.jpg 228w\" sizes=\"auto, (max-width: 243px) 100vw, 243px\" \/><\/a><\/p>\n<p>Baksidan ovan \u00e4r ett (n\u00e5got blekt) collage av kuvert fr\u00e5n redaktionen, gamla vykort och st\u00e4mpelbokst\u00e4ver. N\u00e5gra av baksidorna st\u00e4lldes ut p\u00e5 Kulturhusets serieutst\u00e4llning 1986.<\/p>\n<p>Redaktionen l\u00e5g p\u00e5 Frejgatan i Stockholm och en del av lokalerna hyrdes ut till en serietecknarstudio, som fungerade b\u00e5de som plantskola och arbetsf\u00f6rmedling. \u00c5ren p\u00e5 Epix, r\u00e4knar jag som mitt \u201cuniversitet\u201d och mycket av de erfarenheter jag fick d\u00e4r, har jag tagit med mig in i andra verksamheter.<\/p>\n<p><a href=\"http:\/\/gunnarkrantz.se\/wp-content\/uploads\/2015\/02\/omslag.jpg\"><img loading=\"lazy\" decoding=\"async\" class=\"alignnone wp-image-549 size-full\" src=\"http:\/\/gunnarkrantz.se\/wp-content\/uploads\/2015\/02\/omslag.jpg\" alt=\"pox_omslag\" width=\"320\" height=\"225\" srcset=\"https:\/\/gunnarkrantz.se\/wp-content\/uploads\/2015\/02\/omslag.jpg 320w, https:\/\/gunnarkrantz.se\/wp-content\/uploads\/2015\/02\/omslag-300x211.jpg 300w\" sizes=\"auto, (max-width: 320px) 100vw, 320px\" \/><\/a><\/p>\n","protected":false},"excerpt":{"rendered":"<p>EPIX 1984 var jag med och drog ig\u00e5ng&nbsp; v\u00e5gen av vuxenserier. F\u00f6rst med att skapa den grafiska formen p\u00e5 tidningen Epix och sedan som redakt\u00f6r f\u00f6r tidningen Pox (som jag personligen tycker \u00e4r den mest intressanta serietidning som getts ut i v\u00e5rt land). 1986 expanderade f\u00f6rlaget&nbsp; med titlar som Tung Metall, Maxx, Elixir, samlingsutg\u00e5vorna Pox [&hellip;]<\/p>\n","protected":false},"author":1,"featured_media":0,"parent":17,"menu_order":0,"comment_status":"closed","ping_status":"open","template":"","meta":{"footnotes":""},"class_list":["post-199","page","type-page","status-publish","hentry"],"_links":{"self":[{"href":"https:\/\/gunnarkrantz.se\/index.php?rest_route=\/wp\/v2\/pages\/199","targetHints":{"allow":["GET"]}}],"collection":[{"href":"https:\/\/gunnarkrantz.se\/index.php?rest_route=\/wp\/v2\/pages"}],"about":[{"href":"https:\/\/gunnarkrantz.se\/index.php?rest_route=\/wp\/v2\/types\/page"}],"author":[{"embeddable":true,"href":"https:\/\/gunnarkrantz.se\/index.php?rest_route=\/wp\/v2\/users\/1"}],"replies":[{"embeddable":true,"href":"https:\/\/gunnarkrantz.se\/index.php?rest_route=%2Fwp%2Fv2%2Fcomments&post=199"}],"version-history":[{"count":16,"href":"https:\/\/gunnarkrantz.se\/index.php?rest_route=\/wp\/v2\/pages\/199\/revisions"}],"predecessor-version":[{"id":3064,"href":"https:\/\/gunnarkrantz.se\/index.php?rest_route=\/wp\/v2\/pages\/199\/revisions\/3064"}],"up":[{"embeddable":true,"href":"https:\/\/gunnarkrantz.se\/index.php?rest_route=\/wp\/v2\/pages\/17"}],"wp:attachment":[{"href":"https:\/\/gunnarkrantz.se\/index.php?rest_route=%2Fwp%2Fv2%2Fmedia&parent=199"}],"curies":[{"name":"wp","href":"https:\/\/api.w.org\/{rel}","templated":true}]}}