{"id":33,"date":"2014-12-27T12:30:11","date_gmt":"2014-12-27T12:30:11","guid":{"rendered":"http:\/\/gunnarkrantz.se\/?page_id=33"},"modified":"2023-05-24T09:14:24","modified_gmt":"2023-05-24T09:14:24","slug":"24-h-serien","status":"publish","type":"page","link":"https:\/\/gunnarkrantz.se\/?page_id=33","title":{"rendered":"24-H serien"},"content":{"rendered":"<p>1990 skapade Scott McCloud, serietecknare och f\u00f6rfattaren till boken Understanding Comics,&nbsp; konceptet&nbsp; &#8220;tjugofyratimmarsserien&#8221;. Att p\u00e5 ett dygn skriva och teckna 24 sidor serier fr\u00e5n scratch. F\u00f6rsta g\u00e5ngen jag sj\u00e4lv pr\u00f6vade p\u00e5 detta koncept var p\u00e5 Serieskolan i Malm\u00f6 2001. Bakgrunden till ber\u00e4ttelsen var en utflykt till Stenshuvud. D\u00e4r p\u00e5 stranden funderade jag p\u00e5 hur naturen sett ut n\u00e4r de f\u00f6rsta m\u00e4nniskorna kom till bergets fot. Detta i kombination med mitt intresse f\u00f6r b\u00e4rnsten, ledde till det f\u00f6rsta kapitlet i &#8220;Rav&#8221;. Mer om McClouds originalkoncept hittar ni h\u00e4r: <a title=\"http:\/\/scottmccloud.com\/4-inventions\/24hr\/\" href=\"http:\/\/scottmccloud.com\/4-inventions\/24hr\/\" target=\"_blank\" rel=\"noopener noreferrer\">http:\/\/scottmccloud.com\/4-inventions\/24hr\/<\/a><\/p>\n<p>Att teckna en 24-h serie \u00e4r en mycket speciell upplevelse och jag uppt\u00e4ckte snart att jag hade kapacitet att ta fram mycket material p\u00e5 kort tid. Problemet var bara vad jag skulle g\u00f6ra med det. L\u00e4nge funderade jag p\u00e5 att se det som skisser och g\u00f6ra mer genomarbetade teckningar. Jag visade n\u00e5gra sidor p\u00e5 utst\u00e4llnignar och hela kapitel fyra p\u00e5 en samlingsutst\u00e4llning p\u00e5 \u00d6SKG:s galleri Tj\u00f6rnedalag\u00e5rden.<\/p>\n<p>Nu, 14 \u00e5r efter mitt f\u00f6rsta f\u00f6rs\u00f6k, t\u00e4nker jag att det \u00e4r b\u00e4st att presentera materialet s\u00e5 som det \u00e4r, helt utan redigering, i utskriftsv\u00e4nlig pdf-form, f\u00f6r den som vill skriva ut dem (tipset \u00e4r att g\u00f6ra det p\u00e5 en skrivare som hanterar dubbelsidig utskrift och kan g\u00f6ra en &#8220;booklet&#8221;) eller l\u00e4sa dem i Ibooks p\u00e5 paddan.<\/p>\n<p>RAV (2001-2002)<br \/>\n<a href=\"http:\/\/gunnarkrantz.se\/wp-content\/uploads\/2015\/01\/rav_1.jpg\"><img loading=\"lazy\" decoding=\"async\" class=\"alignnone size-full wp-image-293\" src=\"http:\/\/gunnarkrantz.se\/wp-content\/uploads\/2015\/01\/rav_1.jpg\" alt=\"rav_1\" width=\"203\" height=\"285\"><\/a><a href=\"http:\/\/gunnarkrantz.se\/wp-content\/uploads\/2015\/01\/RAV_NR1_2001.pdf\">LADDA NER: RAV_NR1_2001<\/a><\/p>\n<p><a href=\"http:\/\/gunnarkrantz.se\/wp-content\/uploads\/2015\/01\/rav_2.jpg\"><img loading=\"lazy\" decoding=\"async\" class=\"alignnone size-full wp-image-294\" src=\"http:\/\/gunnarkrantz.se\/wp-content\/uploads\/2015\/01\/rav_2.jpg\" alt=\"rav_2\" width=\"202\" height=\"286\"><\/a><a href=\"http:\/\/gunnarkrantz.se\/wp-content\/uploads\/2015\/01\/RAV_NR2_2001.pdf\">LADDA NER: RAV_NR2_2001<\/a><\/p>\n<p><a href=\"http:\/\/gunnarkrantz.se\/wp-content\/uploads\/2015\/01\/rav_3.jpg\"><img loading=\"lazy\" decoding=\"async\" class=\"alignnone size-full wp-image-295\" src=\"http:\/\/gunnarkrantz.se\/wp-content\/uploads\/2015\/01\/rav_3.jpg\" alt=\"rav_3\" width=\"203\" height=\"287\"><\/a> <a href=\"http:\/\/gunnarkrantz.se\/wp-content\/uploads\/2014\/12\/RAV_NR3_2001.pdf\">LADDA NER: RAV_NR3_2001<\/a><\/p>\n<p><a href=\"http:\/\/gunnarkrantz.se\/wp-content\/uploads\/2014\/12\/rav_4.jpg\"><img loading=\"lazy\" decoding=\"async\" class=\"alignnone size-full wp-image-440\" src=\"http:\/\/gunnarkrantz.se\/wp-content\/uploads\/2014\/12\/rav_4.jpg\" alt=\"rav_4\" width=\"202\" height=\"287\"><\/a><a href=\"http:\/\/gunnarkrantz.se\/wp-content\/uploads\/2015\/01\/RAV_NR4_20021.pdf\">LADDA NER: RAV_NR4_2002<\/a><\/p>\n<p><a href=\"http:\/\/gunnarkrantz.se\/wp-content\/uploads\/2014\/12\/rav_5.jpg\"><img loading=\"lazy\" decoding=\"async\" class=\"alignnone size-full wp-image-437\" src=\"http:\/\/gunnarkrantz.se\/wp-content\/uploads\/2014\/12\/rav_5.jpg\" alt=\"rav_5\" width=\"202\" height=\"286\"><\/a><br \/>\n<a href=\"http:\/\/gunnarkrantz.se\/wp-content\/uploads\/2015\/01\/RAV_NR5_2002.pdf\">LADDA NER: RAV_NR5_2002<\/a><\/p>\n<p><a href=\"http:\/\/gunnarkrantz.se\/wp-content\/uploads\/2015\/01\/rav_6.jpg\"><img loading=\"lazy\" decoding=\"async\" class=\"alignnone size-full wp-image-298\" src=\"http:\/\/gunnarkrantz.se\/wp-content\/uploads\/2015\/01\/rav_6.jpg\" alt=\"rav_6\" width=\"201\" height=\"286\"><\/a><a href=\"http:\/\/gunnarkrantz.se\/wp-content\/uploads\/2015\/01\/RAV_NR6_2002.pdf\">LADDA NER: RAV_NR6_2002<\/a><\/p>\n","protected":false},"excerpt":{"rendered":"<p>1990 skapade Scott McCloud, serietecknare och f\u00f6rfattaren till boken Understanding Comics,&nbsp; konceptet&nbsp; &#8220;tjugofyratimmarsserien&#8221;. Att p\u00e5 ett dygn skriva och teckna 24 sidor serier fr\u00e5n scratch. F\u00f6rsta g\u00e5ngen jag sj\u00e4lv pr\u00f6vade p\u00e5 detta koncept var p\u00e5 Serieskolan i Malm\u00f6 2001. Bakgrunden till ber\u00e4ttelsen var en utflykt till Stenshuvud. D\u00e4r p\u00e5 stranden funderade jag p\u00e5 hur naturen [&hellip;]<\/p>\n","protected":false},"author":1,"featured_media":0,"parent":17,"menu_order":0,"comment_status":"closed","ping_status":"open","template":"","meta":{"footnotes":""},"class_list":["post-33","page","type-page","status-publish","hentry"],"_links":{"self":[{"href":"https:\/\/gunnarkrantz.se\/index.php?rest_route=\/wp\/v2\/pages\/33","targetHints":{"allow":["GET"]}}],"collection":[{"href":"https:\/\/gunnarkrantz.se\/index.php?rest_route=\/wp\/v2\/pages"}],"about":[{"href":"https:\/\/gunnarkrantz.se\/index.php?rest_route=\/wp\/v2\/types\/page"}],"author":[{"embeddable":true,"href":"https:\/\/gunnarkrantz.se\/index.php?rest_route=\/wp\/v2\/users\/1"}],"replies":[{"embeddable":true,"href":"https:\/\/gunnarkrantz.se\/index.php?rest_route=%2Fwp%2Fv2%2Fcomments&post=33"}],"version-history":[{"count":22,"href":"https:\/\/gunnarkrantz.se\/index.php?rest_route=\/wp\/v2\/pages\/33\/revisions"}],"predecessor-version":[{"id":2980,"href":"https:\/\/gunnarkrantz.se\/index.php?rest_route=\/wp\/v2\/pages\/33\/revisions\/2980"}],"up":[{"embeddable":true,"href":"https:\/\/gunnarkrantz.se\/index.php?rest_route=\/wp\/v2\/pages\/17"}],"wp:attachment":[{"href":"https:\/\/gunnarkrantz.se\/index.php?rest_route=%2Fwp%2Fv2%2Fmedia&parent=33"}],"curies":[{"name":"wp","href":"https:\/\/api.w.org\/{rel}","templated":true}]}}