{"id":381,"date":"2015-01-12T19:30:26","date_gmt":"2015-01-12T19:30:26","guid":{"rendered":"http:\/\/gunnarkrantz.se\/?page_id=381"},"modified":"2023-06-01T22:26:23","modified_gmt":"2023-06-01T22:26:23","slug":"nowhere-1996","status":"publish","type":"page","link":"https:\/\/gunnarkrantz.se\/?page_id=381","title":{"rendered":"louisiana &#8211; nowhere 1996"},"content":{"rendered":"<p>Louisiana Museum of Contemporary Art, Humleb\u00e6k, Danmark.<br \/>\n<a href=\"http:\/\/gunnarkrantz.se\/wp-content\/uploads\/2015\/01\/gunnarowolfgang.jpg\"><img loading=\"lazy\" decoding=\"async\" class=\"alignnone wp-image-383\" src=\"http:\/\/gunnarkrantz.se\/wp-content\/uploads\/2015\/01\/gunnarowolfgang-300x269.jpg\" alt=\"gunnarowolfgang\" width=\"700\" height=\"627\" srcset=\"https:\/\/gunnarkrantz.se\/wp-content\/uploads\/2015\/01\/gunnarowolfgang-300x269.jpg 300w, https:\/\/gunnarkrantz.se\/wp-content\/uploads\/2015\/01\/gunnarowolfgang-1024x917.jpg 1024w\" sizes=\"auto, (max-width: 700px) 100vw, 700px\" \/><\/a><br \/>\nSommaren 1994 tog en l\u00e4ngre relation slut. Vi sa upp l\u00e4genheten, l\u00e4mnade iv\u00e4g m\u00f6bler till myrorna och gick skilda v\u00e4gar. Jag k\u00e4nde att jag borde sitta ner och prata med n\u00e5gon. Kanske inte om vad som h\u00e4nt, utan bara prata. Om vad som helst.<\/p>\n<p>Jag ringde upp min kompis Wolfgang i Stockholm och sa att jag hade ett projekt p\u00e5 g\u00e5ng. Jag undrade om han ville vara med. Det ville han. Jag k\u00f6pte tre videoband, tre flaskor vin och sedan satt vi och pratade i 3 x 45 minuter om hur det var att flytta hemifr\u00e5n. Det var i grund och botten en iscens\u00e4ttning av seriealbumet &#8220;<em>1981<\/em>&#8220;, fast med andra karakt\u00e4rer och ett annat samtals\u00e4mne. Inspelningen tog tre dagar att g\u00f6ra. Sedan klippte jag ihop allt material till ett band och satte titeln &#8220;<em>Gunnar och Wolfgang<\/em>&#8221; p\u00e5 den. Det h\u00e4r var bra konst!<\/p>\n<p>Jag visade videon f\u00f6r \u00c5sa och Mats, som precis startat galleri tillsammans med Viggo. N\u00e5got liknande hade de aldrig sett och de ville genast visa den p\u00e5 sitt nya galleri.<br \/>\nWolfgang kom ner till vernissagen. Vi stod p\u00e5 kontoret och lyssnade p\u00e5 oss sj\u00e4lva i rummet intill. Det kom mycket folk. M\u00e5nga satt igenom hela filmen. En av bes\u00f6karna var den engelska curatorn Iwona Blazwick. Hon ville ha med filmen p\u00e5 utst\u00e4llningen NowHere p\u00e5 Louisiana. Om jag bara kunde \u00f6vers\u00e4tta och texta den. Jag \u00e4gnade ett par veckor \u00e5t att transkribera allt som sades p\u00e5 filmen, \u00f6versatte och textade. Det tog ytterligare ett par veckor. &#8220;Gunnar och Wolfgang&#8221; visades p\u00e5 Louisiana- Museum of Contemporary art i Humlebaek i mars 1996. (Ur boken: Fr\u00e5n Superangst till Seriestaden).<\/p>\n","protected":false},"excerpt":{"rendered":"<p>Louisiana Museum of Contemporary Art, Humleb\u00e6k, Danmark. Sommaren 1994 tog en l\u00e4ngre relation slut. Vi sa upp l\u00e4genheten, l\u00e4mnade iv\u00e4g m\u00f6bler till myrorna och gick skilda v\u00e4gar. Jag k\u00e4nde att jag borde sitta ner och prata med n\u00e5gon. Kanske inte om vad som h\u00e4nt, utan bara prata. Om vad som helst. Jag ringde upp min [&hellip;]<\/p>\n","protected":false},"author":1,"featured_media":0,"parent":0,"menu_order":0,"comment_status":"closed","ping_status":"open","template":"","meta":{"footnotes":""},"class_list":["post-381","page","type-page","status-publish","hentry"],"_links":{"self":[{"href":"https:\/\/gunnarkrantz.se\/index.php?rest_route=\/wp\/v2\/pages\/381","targetHints":{"allow":["GET"]}}],"collection":[{"href":"https:\/\/gunnarkrantz.se\/index.php?rest_route=\/wp\/v2\/pages"}],"about":[{"href":"https:\/\/gunnarkrantz.se\/index.php?rest_route=\/wp\/v2\/types\/page"}],"author":[{"embeddable":true,"href":"https:\/\/gunnarkrantz.se\/index.php?rest_route=\/wp\/v2\/users\/1"}],"replies":[{"embeddable":true,"href":"https:\/\/gunnarkrantz.se\/index.php?rest_route=%2Fwp%2Fv2%2Fcomments&post=381"}],"version-history":[{"count":7,"href":"https:\/\/gunnarkrantz.se\/index.php?rest_route=\/wp\/v2\/pages\/381\/revisions"}],"predecessor-version":[{"id":3062,"href":"https:\/\/gunnarkrantz.se\/index.php?rest_route=\/wp\/v2\/pages\/381\/revisions\/3062"}],"wp:attachment":[{"href":"https:\/\/gunnarkrantz.se\/index.php?rest_route=%2Fwp%2Fv2%2Fmedia&parent=381"}],"curies":[{"name":"wp","href":"https:\/\/api.w.org\/{rel}","templated":true}]}}