{"id":400,"date":"2015-01-13T12:19:07","date_gmt":"2015-01-13T12:19:07","guid":{"rendered":"http:\/\/gunnarkrantz.se\/?page_id=400"},"modified":"2023-05-24T08:59:00","modified_gmt":"2023-05-24T08:59:00","slug":"min-verksamhet","status":"publish","type":"page","link":"https:\/\/gunnarkrantz.se\/?page_id=400","title":{"rendered":"MITT ARBETE"},"content":{"rendered":"<p>Jag b\u00f6rjade teckna serier i 15-\u00e5rs\u00e5ldern. Det var en barnslig fantasi som kom att bli mitt yrke. Jag publicerades f\u00f6rst i fanzines och d\u00e4refter p\u00e5 alternativf\u00f6rlag. Min f\u00f6rsta bok gavs ut 1986. D\u00e4refter har jag publicerat 14 b\u00f6cker och \u00e4ndrat stil fyra g\u00e5nger.<\/p>\n<p>I mitten p\u00e5 80-talet bodde jag i Stockholm och arbetade med serietidningar. Fr\u00e4mst p\u00e5 det legandariska serief\u00f6rlaget Epix, som lanserade vuxenserierna i Sverige, men ocks\u00e5 som kritiker och redakt\u00f6r p\u00e5 tidskriften <em>Bild&amp;Bubbla<\/em>. \u00c5ren p\u00e5 Epix, r\u00e4knar jag som mitt \u201cuniversitet\u201d och mycket av de erfarenheter jag fick d\u00e4r, har jag tagit med mig in i andra verksamheter.<\/p>\n<p>Jag ville teckna serier, men p\u00e5 det tidiga 80-talet fanns inga serieskolor i Sverige. Jag gick i konstskola och blev konstn\u00e4r. Jag arbetade med foto, video, installationer, performance och serier p\u00e5 samma g\u00e5ng och f\u00f6rs\u00f6kte f\u00e5 de olika v\u00e4rldarna att g\u00e5 ihop. Serie- och konstv\u00e4rlden. Jag lyckades slutligen med utst\u00e4llningen \u201cAvtryck av Verkligheten\u201d p\u00e5 Forumgalleriet i Malm\u00f6 1998. En utst\u00e4llning med serier, graffiti, fanzines och annan alternativ kultur. N\u00e4r jag i samma veva myntade begreppet \u201cseriestaden\u201d om Malm\u00f6, vaknade media och en folkh\u00f6gskola h\u00f6rde av sig och ville ha en kurs i serieteckning. Resultatet blev \u201cSerieskolan i Malm\u00f6\u201d, som idag betraktas som den b\u00e4sta serieutbildningen i Skandinavien och har varit en viktig byggsten i \u201cSeriestaden Malm\u00f6\u201d.<\/p>\n<p>Under nio \u00e5r pendlade jag till G\u00f6teborg f\u00f6r att arbeta som universitetslektor p\u00e5 Masterutbildningen i Design p\u00e5 HDK, H\u00f6gskolan f\u00f6r Design och Konsthantverk.D\u00e4r hade jag f\u00f6rm\u00e5nen att f\u00e5 skapa ett par frist\u00e5ende kurser; Masterkursen i Serieteckning och avancerat bildber\u00e4ttande och den mycket framg\u00e5ngsrika kursen Bilderb\u00f6cker f\u00f6r barn.<\/p>\n<p>Idag forts\u00e4tter jag arbetet med serier som konstn\u00e4rlig professor\u00a0 i visuell kommunikation p\u00e5 Malm\u00f6 universitet, bl a genom att driva kursen Serieteckning och visuellt ber\u00e4ttande, Digital Comics och NArrativ design. Mina tankar om serieber\u00e4ttande finns samlade i boken <em>Seriemagi<\/em>.<\/p>\n<p>P\u00e5 Malm\u00f6 universitet har jag ocks\u00e5 f\u00f6rm\u00e5nen att f\u00e5 utveckla serieforskningen och skapa internationella utbyten med andra utbildningar i serieskapande. F\u00f6r mer information &#8211; se v\u00e5r plattform Malm\u00f6 University Comics Hub\/much: <a href=\"https:\/\/comics.uni.mau.se\/\">https:\/\/comics.uni.mau.se\/<\/a><\/p>\n","protected":false},"excerpt":{"rendered":"<p>Jag b\u00f6rjade teckna serier i 15-\u00e5rs\u00e5ldern. Det var en barnslig fantasi som kom att bli mitt yrke. Jag publicerades f\u00f6rst i fanzines och d\u00e4refter p\u00e5 alternativf\u00f6rlag. Min f\u00f6rsta bok gavs ut 1986. D\u00e4refter har jag publicerat 14 b\u00f6cker och \u00e4ndrat stil fyra g\u00e5nger. I mitten p\u00e5 80-talet bodde jag i Stockholm och arbetade med serietidningar. [&hellip;]<\/p>\n","protected":false},"author":1,"featured_media":0,"parent":0,"menu_order":0,"comment_status":"open","ping_status":"open","template":"","meta":{"footnotes":""},"class_list":["post-400","page","type-page","status-publish","hentry"],"_links":{"self":[{"href":"https:\/\/gunnarkrantz.se\/index.php?rest_route=\/wp\/v2\/pages\/400","targetHints":{"allow":["GET"]}}],"collection":[{"href":"https:\/\/gunnarkrantz.se\/index.php?rest_route=\/wp\/v2\/pages"}],"about":[{"href":"https:\/\/gunnarkrantz.se\/index.php?rest_route=\/wp\/v2\/types\/page"}],"author":[{"embeddable":true,"href":"https:\/\/gunnarkrantz.se\/index.php?rest_route=\/wp\/v2\/users\/1"}],"replies":[{"embeddable":true,"href":"https:\/\/gunnarkrantz.se\/index.php?rest_route=%2Fwp%2Fv2%2Fcomments&post=400"}],"version-history":[{"count":4,"href":"https:\/\/gunnarkrantz.se\/index.php?rest_route=\/wp\/v2\/pages\/400\/revisions"}],"predecessor-version":[{"id":2975,"href":"https:\/\/gunnarkrantz.se\/index.php?rest_route=\/wp\/v2\/pages\/400\/revisions\/2975"}],"wp:attachment":[{"href":"https:\/\/gunnarkrantz.se\/index.php?rest_route=%2Fwp%2Fv2%2Fmedia&parent=400"}],"curies":[{"name":"wp","href":"https:\/\/api.w.org\/{rel}","templated":true}]}}