{"id":444,"date":"2015-01-13T22:51:36","date_gmt":"2015-01-13T22:51:36","guid":{"rendered":"http:\/\/gunnarkrantz.se\/?page_id=444"},"modified":"2023-06-01T22:27:40","modified_gmt":"2023-06-01T22:27:40","slug":"pressroster","status":"publish","type":"page","link":"https:\/\/gunnarkrantz.se\/?page_id=444","title":{"rendered":"pressr\u00f6ster"},"content":{"rendered":"<p><strong>ALGER<br \/>\n<\/strong>&#8220;Efterkrigstidens atmosf\u00e4r m\u00e4rks tydligt i Gunnar Krantz nya seriealbum Alger (Medusa f\u00f6rlag). Bilderna \u00e4r tecknade i svart och vitt utan n\u00e5gra gr\u00e5a nyanser. Det blir effektfullt och harmonierar med intrigen.&#8221; Erling Frick, Svenska Dagbladet 860709<\/p>\n<p><strong>FALSKA LIV<br \/>\n<\/strong>&#8220;Styrkan hos Gunnar Krantz \u00e4r framf\u00f6r allt att han \u00e4r en av de f\u00e5 unga svenskar som arbetar episkt med seriemediet&#8221; Nisse Larsson, Dagens Nyheter880303<\/p>\n<p><strong>SUPERANGST<br \/>\n<\/strong>&#8220;Gunnar Krantz \u00e4r inte bara personlig, han har ett h\u00f6gst personligt och mycket drivet s\u00e4tt att teckna ocks\u00e5. Spretigt, stort och svulstigt, utan gr\u00e5skalor med bara svart och vitt som f\u00e4rger m\u00e5lar han sin egen verklighetsbild.&#8221; Mikael Winterkvist<\/p>\n<p>&#8220;Men Gunnar Krantz \u00e4r inte ute efter att upprepa gamla l\u00f6sningar. Liksom hans \u00f6vriga verk tycks &#8220;Superangst&#8221; v\u00e4xa fram ur den personliga brottningens inre n\u00f6dv\u00e4ndighet. Att det samtidigt \u00e4r ett av de fr\u00e4msta svenska seriealbumen hittills framst\u00e5r n\u00e4rmast som en bisak.&#8221; Stefan Helgesson, Dagens Nyheter 940124<\/p>\n<p><strong>1981<\/strong><br \/>\n&#8220;Krantz ber\u00e4ttar om v\u00e4lf\u00e4rdsstatens kanske mest gynnade generation, materiellt sett. Men om barn- och ungdomstiden var en gynnad tid, s\u00e5 kan vuxenlivet beskrivas i precis motsatta termer. Att f\u00f6rs\u00f6ka uppr\u00e4tth\u00e5lla den standard som f\u00f6r\u00e4ldragenerationen lyckades n\u00e5 upp till ter sig og\u00f6rligt.&#8221; Maria Sundkvist, Dagens Nyheter 950221<\/p>\n<p><strong>NOLLAD<br \/>\n<\/strong>&#8220;Medan den tidigare till synes sj\u00e4lvbiografiska sviten &#8220;Superangst&#8221; och &#8220;1981&#8221; fullkomligt bl\u00f6der av k\u00e4nslor, kroppsv\u00e4tskor och allomfatande \u00e5ngest, \u00e4r till och med teckningen i Nollad kliniskt fri fr\u00e5n utlevelse. \u00c4nd\u00e5 \u00e4r det ingen tvekan om att Nollad s\u00e4ger n\u00e5got viktigt om livet idag, n\u00e5got sj\u00e4lvklart och sv\u00e5rf\u00e5ngat&#8230;&#8221; Boel Gerell, Kv\u00e4llsposten 950505<\/p>\n<p>&#8220;Gunnar Krantz skildrar tomheten s\u00e5 att man k\u00e4nner den.&#8221; Karl G J\u00f6nsson, Sydsvenskan 950505<\/p>\n<p><strong>NAZIBEATLES<br \/>\n<\/strong>&#8220;Ett av de mest \u00f6vertygande och konstn\u00e4rligt h\u00f6gtst\u00e5ende verk inom seriegenren jag n\u00e5gonsin tagit del av(&#8230;)Krantz kombinerar en Dagermansk lyh\u00f6rdhet f\u00f6r barndomens svek och uppv\u00e4xt\u00e5rens \u00e5ngest med furi\u00f6sa teckningar som i sin kompromissl\u00f6sa misantropi tangerar George Grosz hatiska satirbilder-allt parat med en sj\u00e4lvutl\u00e4mnande frenesi likt den som undergroundtecknaren Robert Crumb, framf\u00f6rallt i sina skissb\u00f6cker fr\u00e5n 70-talet gjorde till stor konst.&#8221; Hans Anders Wallin, Bild&amp;Bubbla nr 2\/ 99<\/p>\n<p><strong>CYKELHIPPIE<\/strong><br \/>\n&#8220;Jag skulle vlija anv\u00e4nda titeln seriemagiker om Gunnar Krantz. N\u00e4r man l\u00e4st klart sitter man och undrar; hur gick det d\u00e4r till egentligen? Hur kunde jag bli s\u00e5 f\u00e4ngslad av den d\u00e4r oansenliga lilla serieboken?&#8221; Joel Eriksson, Kv\u00e4llsposten 2003<\/p>\n<p><strong>V\u00c4NSTER V\u00c4NSTER<br \/>\n<\/strong>&#8220;I enkla men effektiva bilder f\u00f6ljer vi unge Gunnars \u00e4ventyr i den kristianstadska v\u00e4nstern, och hur illusionerna en efter en sl\u00e5s i kras mot den besv\u00e4rliga verkligheten.&#8221; Jonas Thente i DN 040516<\/p>\n<p>&#8220;Krantz tvinnar ihop \u00e4mne, text och teckningar med resulatet dagbok, roman och seriealbum i och om vartannat. Och p\u00e5 varje boksida \u00e4r han s\u00e5 personligen n\u00e4rvarande att man liksom ser hur sidorna h\u00f6js och s\u00e4nks &#8211; som om pappret andas.&#8221; Beng Eriksson, Kv\u00e4llsposten 040522<\/p>\n<p>&#8220;Boken funkar nog b\u00e4st f\u00f6r Krantz generationskamrater som kan le igenk\u00e4nnande. Sj\u00e4lv tycker jag ansatsen \u00e4r lite tr\u00f6tt och mycket cynisk.&#8221; Johan Erlandsson, Kommunalarbetaren<\/p>\n<p>&#8220;En stor del av d\u00e5tidens radikala v\u00e4nster passerar revy och m\u00e5nga fyndiga po\u00e4nger plockas p\u00e5 &#8220;avantgardets&#8221; st\u00e4ndiga tillkortakommanden: apellm\u00f6ten inf\u00f6r folktomma torg, de uppslitande sektstriderna, pungsl\u00e5endet av de egna men i flesta fall snorfattiga medlemmarna, den r\u00e4tta men ack s\u00e5 inkr\u00f6kta livsstilen osv.&#8221; Stefan Bergmark, Sm\u00e5landsposten 040602<\/p>\n<p>&nbsp;<\/p>\n<p>&nbsp;<\/p>\n<p>&nbsp;<\/p>\n","protected":false},"excerpt":{"rendered":"<p>ALGER &#8220;Efterkrigstidens atmosf\u00e4r m\u00e4rks tydligt i Gunnar Krantz nya seriealbum Alger (Medusa f\u00f6rlag). Bilderna \u00e4r tecknade i svart och vitt utan n\u00e5gra gr\u00e5a nyanser. Det blir effektfullt och harmonierar med intrigen.&#8221; Erling Frick, Svenska Dagbladet 860709 FALSKA LIV &#8220;Styrkan hos Gunnar Krantz \u00e4r framf\u00f6r allt att han \u00e4r en av de f\u00e5 unga svenskar som [&hellip;]<\/p>\n","protected":false},"author":1,"featured_media":0,"parent":0,"menu_order":0,"comment_status":"open","ping_status":"open","template":"","meta":{"footnotes":""},"class_list":["post-444","page","type-page","status-publish","hentry"],"_links":{"self":[{"href":"https:\/\/gunnarkrantz.se\/index.php?rest_route=\/wp\/v2\/pages\/444","targetHints":{"allow":["GET"]}}],"collection":[{"href":"https:\/\/gunnarkrantz.se\/index.php?rest_route=\/wp\/v2\/pages"}],"about":[{"href":"https:\/\/gunnarkrantz.se\/index.php?rest_route=\/wp\/v2\/types\/page"}],"author":[{"embeddable":true,"href":"https:\/\/gunnarkrantz.se\/index.php?rest_route=\/wp\/v2\/users\/1"}],"replies":[{"embeddable":true,"href":"https:\/\/gunnarkrantz.se\/index.php?rest_route=%2Fwp%2Fv2%2Fcomments&post=444"}],"version-history":[{"count":4,"href":"https:\/\/gunnarkrantz.se\/index.php?rest_route=\/wp\/v2\/pages\/444\/revisions"}],"predecessor-version":[{"id":3065,"href":"https:\/\/gunnarkrantz.se\/index.php?rest_route=\/wp\/v2\/pages\/444\/revisions\/3065"}],"wp:attachment":[{"href":"https:\/\/gunnarkrantz.se\/index.php?rest_route=%2Fwp%2Fv2%2Fmedia&parent=444"}],"curies":[{"name":"wp","href":"https:\/\/api.w.org\/{rel}","templated":true}]}}