{"id":496,"date":"2015-02-03T22:38:16","date_gmt":"2015-02-03T22:38:16","guid":{"rendered":"http:\/\/gunnarkrantz.se\/?page_id=496"},"modified":"2023-06-01T22:19:23","modified_gmt":"2023-06-01T22:19:23","slug":"arkiv-krantz-nya-upplagan","status":"publish","type":"page","link":"https:\/\/gunnarkrantz.se\/?page_id=496","title":{"rendered":"nya upplagan"},"content":{"rendered":"<p>Under ett antal \u00e5r tecknade jag serier f\u00f6r det legendariska kulturmagasinet Nya Upplagan, som gavs ut av Lars Yngve i Ystad. Den f\u00f6rsta serien k\u00f6pte Friden vid v\u00e4gs \u00e4nde, d\u00e4r man \u00e4ven kunde \u00e4ta en pizza med mitt efternamn (uppkallad efter min mor).<\/p>\n<p><a href=\"http:\/\/gunnarkrantz.se\/wp-content\/uploads\/2015\/02\/nu001.jpg\"><img loading=\"lazy\" decoding=\"async\" class=\"alignnone wp-image-488 size-full\" src=\"http:\/\/gunnarkrantz.se\/wp-content\/uploads\/2015\/02\/nu001.jpg\" alt=\"nu001\" width=\"640\" height=\"435\" srcset=\"https:\/\/gunnarkrantz.se\/wp-content\/uploads\/2015\/02\/nu001.jpg 640w, https:\/\/gunnarkrantz.se\/wp-content\/uploads\/2015\/02\/nu001-300x204.jpg 300w\" sizes=\"auto, (max-width: 640px) 100vw, 640px\" \/><\/a><\/p>\n<p><a href=\"http:\/\/gunnarkrantz.se\/wp-content\/uploads\/2015\/02\/nu002.jpg\"><img loading=\"lazy\" decoding=\"async\" class=\"alignnone wp-image-491 size-full\" src=\"http:\/\/gunnarkrantz.se\/wp-content\/uploads\/2015\/02\/nu002.jpg\" alt=\"nu002\" width=\"640\" height=\"213\" srcset=\"https:\/\/gunnarkrantz.se\/wp-content\/uploads\/2015\/02\/nu002.jpg 640w, https:\/\/gunnarkrantz.se\/wp-content\/uploads\/2015\/02\/nu002-300x100.jpg 300w\" sizes=\"auto, (max-width: 640px) 100vw, 640px\" \/><\/a><\/p>\n<p>P\u00e5 Ravlunda skjutf\u00e4lt kan man hitta b\u00e5de det ena och det andra.<\/p>\n<p><a href=\"http:\/\/gunnarkrantz.se\/wp-content\/uploads\/2015\/02\/nu003.jpg\"><img loading=\"lazy\" decoding=\"async\" class=\"alignnone wp-image-487 size-full\" src=\"http:\/\/gunnarkrantz.se\/wp-content\/uploads\/2015\/02\/nu003.jpg\" alt=\"nu003\" width=\"640\" height=\"213\" srcset=\"https:\/\/gunnarkrantz.se\/wp-content\/uploads\/2015\/02\/nu003.jpg 640w, https:\/\/gunnarkrantz.se\/wp-content\/uploads\/2015\/02\/nu003-300x100.jpg 300w\" sizes=\"auto, (max-width: 640px) 100vw, 640px\" \/><\/a><\/p>\n<p>Statyn mitt i byn.<\/p>\n<p><a href=\"http:\/\/gunnarkrantz.se\/wp-content\/uploads\/2015\/02\/nu004.jpg\"><img loading=\"lazy\" decoding=\"async\" class=\"alignnone wp-image-489 size-full\" src=\"http:\/\/gunnarkrantz.se\/wp-content\/uploads\/2015\/02\/nu004.jpg\" alt=\"nu004\" width=\"640\" height=\"213\" srcset=\"https:\/\/gunnarkrantz.se\/wp-content\/uploads\/2015\/02\/nu004.jpg 640w, https:\/\/gunnarkrantz.se\/wp-content\/uploads\/2015\/02\/nu004-300x100.jpg 300w\" sizes=\"auto, (max-width: 640px) 100vw, 640px\" \/><\/a><\/p>\n<p>Ett outpl\u00e5nligt minne.<\/p>\n<p><a href=\"http:\/\/gunnarkrantz.se\/wp-content\/uploads\/2015\/02\/nu005.jpg\"><img loading=\"lazy\" decoding=\"async\" class=\"alignnone wp-image-493 size-full\" src=\"http:\/\/gunnarkrantz.se\/wp-content\/uploads\/2015\/02\/nu005.jpg\" alt=\"nu005\" width=\"640\" height=\"213\" srcset=\"https:\/\/gunnarkrantz.se\/wp-content\/uploads\/2015\/02\/nu005.jpg 640w, https:\/\/gunnarkrantz.se\/wp-content\/uploads\/2015\/02\/nu005-300x100.jpg 300w\" sizes=\"auto, (max-width: 640px) 100vw, 640px\" \/><\/a><\/p>\n<p>Sommaren som regnade bort.<\/p>\n<p><a href=\"http:\/\/gunnarkrantz.se\/wp-content\/uploads\/2015\/02\/nu006.jpg\"><img loading=\"lazy\" decoding=\"async\" class=\"alignnone wp-image-490 size-full\" src=\"http:\/\/gunnarkrantz.se\/wp-content\/uploads\/2015\/02\/nu006.jpg\" alt=\"nu006\" width=\"640\" height=\"266\" srcset=\"https:\/\/gunnarkrantz.se\/wp-content\/uploads\/2015\/02\/nu006.jpg 640w, https:\/\/gunnarkrantz.se\/wp-content\/uploads\/2015\/02\/nu006-300x125.jpg 300w\" sizes=\"auto, (max-width: 640px) 100vw, 640px\" \/><\/a><\/p>\n<p>Fr\u00e5n \u00e4ppelriket-<\/p>\n<p><a href=\"http:\/\/gunnarkrantz.se\/wp-content\/uploads\/2015\/02\/nu007.jpg\"><img loading=\"lazy\" decoding=\"async\" class=\"alignnone wp-image-492 size-full\" src=\"http:\/\/gunnarkrantz.se\/wp-content\/uploads\/2015\/02\/nu007.jpg\" alt=\"nu007\" width=\"640\" height=\"254\" srcset=\"https:\/\/gunnarkrantz.se\/wp-content\/uploads\/2015\/02\/nu007.jpg 640w, https:\/\/gunnarkrantz.se\/wp-content\/uploads\/2015\/02\/nu007-300x119.jpg 300w\" sizes=\"auto, (max-width: 640px) 100vw, 640px\" \/><\/a><\/p>\n<p>Vinter i Sk\u00e5ne.<\/p>\n<p><a href=\"http:\/\/gunnarkrantz.se\/wp-content\/uploads\/2015\/02\/nu09.jpg\"><img loading=\"lazy\" decoding=\"async\" class=\"alignnone wp-image-494 size-full\" src=\"http:\/\/gunnarkrantz.se\/wp-content\/uploads\/2015\/02\/nu09.jpg\" alt=\"nu09\" width=\"640\" height=\"266\" srcset=\"https:\/\/gunnarkrantz.se\/wp-content\/uploads\/2015\/02\/nu09.jpg 640w, https:\/\/gunnarkrantz.se\/wp-content\/uploads\/2015\/02\/nu09-300x125.jpg 300w\" sizes=\"auto, (max-width: 640px) 100vw, 640px\" \/><\/a><\/p>\n<p>Vad \u00e4r pyramiderna och fyren p\u00e5 Faros mot Tosselilla?<\/p>\n<p><a href=\"http:\/\/gunnarkrantz.se\/wp-content\/uploads\/2015\/02\/Utveckling.jpg\"><img loading=\"lazy\" decoding=\"async\" class=\"alignnone wp-image-505\" src=\"http:\/\/gunnarkrantz.se\/wp-content\/uploads\/2015\/02\/Utveckling-1024x415.jpg\" alt=\"Utveckling\" width=\"640\" height=\"259\" srcset=\"https:\/\/gunnarkrantz.se\/wp-content\/uploads\/2015\/02\/Utveckling-1024x415.jpg 1024w, https:\/\/gunnarkrantz.se\/wp-content\/uploads\/2015\/02\/Utveckling-300x122.jpg 300w\" sizes=\"auto, (max-width: 640px) 100vw, 640px\" \/><\/a><\/p>\n<p>Tidens flykt.<\/p>\n<p><a href=\"http:\/\/gunnarkrantz.se\/wp-content\/uploads\/2015\/02\/Sommarhus.jpg\"><img loading=\"lazy\" decoding=\"async\" class=\"alignnone wp-image-504\" src=\"http:\/\/gunnarkrantz.se\/wp-content\/uploads\/2015\/02\/Sommarhus-1024x407.jpg\" alt=\"Sommarhus\" width=\"640\" height=\"255\" srcset=\"https:\/\/gunnarkrantz.se\/wp-content\/uploads\/2015\/02\/Sommarhus-1024x407.jpg 1024w, https:\/\/gunnarkrantz.se\/wp-content\/uploads\/2015\/02\/Sommarhus-300x119.jpg 300w\" sizes=\"auto, (max-width: 640px) 100vw, 640px\" \/><\/a><\/p>\n<p>Inte l\u00e4ngre ett sk\u00e4mt.<\/p>\n<p><a href=\"http:\/\/gunnarkrantz.se\/wp-content\/uploads\/2015\/02\/krantz_kandisar_pa_osterlen.jpg\"><img loading=\"lazy\" decoding=\"async\" class=\"alignnone wp-image-503 size-full\" src=\"http:\/\/gunnarkrantz.se\/wp-content\/uploads\/2015\/02\/krantz_kandisar_pa_osterlen.jpg\" alt=\"krantz_kandisar_pa_osterlen\" width=\"640\" height=\"266\" srcset=\"https:\/\/gunnarkrantz.se\/wp-content\/uploads\/2015\/02\/krantz_kandisar_pa_osterlen.jpg 640w, https:\/\/gunnarkrantz.se\/wp-content\/uploads\/2015\/02\/krantz_kandisar_pa_osterlen-300x125.jpg 300w\" sizes=\"auto, (max-width: 640px) 100vw, 640px\" \/><\/a><\/p>\n<p>H\u00e5h\u00e5 jaja&#8230;<\/p>\n","protected":false},"excerpt":{"rendered":"<p>Under ett antal \u00e5r tecknade jag serier f\u00f6r det legendariska kulturmagasinet Nya Upplagan, som gavs ut av Lars Yngve i Ystad. Den f\u00f6rsta serien k\u00f6pte Friden vid v\u00e4gs \u00e4nde, d\u00e4r man \u00e4ven kunde \u00e4ta en pizza med mitt efternamn (uppkallad efter min mor). P\u00e5 Ravlunda skjutf\u00e4lt kan man hitta b\u00e5de det ena och det andra. [&hellip;]<\/p>\n","protected":false},"author":1,"featured_media":0,"parent":17,"menu_order":0,"comment_status":"closed","ping_status":"open","template":"","meta":{"footnotes":""},"class_list":["post-496","page","type-page","status-publish","hentry"],"_links":{"self":[{"href":"https:\/\/gunnarkrantz.se\/index.php?rest_route=\/wp\/v2\/pages\/496","targetHints":{"allow":["GET"]}}],"collection":[{"href":"https:\/\/gunnarkrantz.se\/index.php?rest_route=\/wp\/v2\/pages"}],"about":[{"href":"https:\/\/gunnarkrantz.se\/index.php?rest_route=\/wp\/v2\/types\/page"}],"author":[{"embeddable":true,"href":"https:\/\/gunnarkrantz.se\/index.php?rest_route=\/wp\/v2\/users\/1"}],"replies":[{"embeddable":true,"href":"https:\/\/gunnarkrantz.se\/index.php?rest_route=%2Fwp%2Fv2%2Fcomments&post=496"}],"version-history":[{"count":10,"href":"https:\/\/gunnarkrantz.se\/index.php?rest_route=\/wp\/v2\/pages\/496\/revisions"}],"predecessor-version":[{"id":3053,"href":"https:\/\/gunnarkrantz.se\/index.php?rest_route=\/wp\/v2\/pages\/496\/revisions\/3053"}],"up":[{"embeddable":true,"href":"https:\/\/gunnarkrantz.se\/index.php?rest_route=\/wp\/v2\/pages\/17"}],"wp:attachment":[{"href":"https:\/\/gunnarkrantz.se\/index.php?rest_route=%2Fwp%2Fv2%2Fmedia&parent=496"}],"curies":[{"name":"wp","href":"https:\/\/api.w.org\/{rel}","templated":true}]}}