{"id":857,"date":"2015-11-02T21:08:27","date_gmt":"2015-11-02T21:08:27","guid":{"rendered":"http:\/\/gunnarkrantz.se\/?page_id=857"},"modified":"2023-06-01T22:25:24","modified_gmt":"2023-06-01T22:25:24","slug":"seriernas-rum","status":"publish","type":"page","link":"https:\/\/gunnarkrantz.se\/?page_id=857","title":{"rendered":"seriernas rum"},"content":{"rendered":"<p><a href=\"http:\/\/gunnarkrantz.se\/wp-content\/uploads\/2015\/11\/sr_bok.jpg\"><img loading=\"lazy\" decoding=\"async\" class=\" size-full wp-image-858 aligncenter\" src=\"http:\/\/gunnarkrantz.se\/wp-content\/uploads\/2015\/11\/sr_bok.jpg\" alt=\"sr_bok\" width=\"208\" height=\"216\"><\/a><\/p>\n<p>Seriernas rum. Hur ser de ut. F\u00f6re och efter. Vad sitter kvar i v\u00e4ggarna. Vilka f\u00f6rhoppningar finns innan de tas i besittning. Seriernas rum \u00e4r ett fotografiskt dokument \u00f6ver n\u00e5gra av de sammanhang jag varit inblandad i sedan slutet av 90-talet. H\u00e4r presenteras serieutbildningarna p\u00e5 Kvarnby Folkh\u00f6gskola, HDK och Malm\u00f6 H\u00f6gskola. \/Gunnar Krantz<\/p>\n<p>Ladda ner boken h\u00e4r: <a href=\"http:\/\/gunnarkrantz.se\/wp-content\/uploads\/2015\/11\/SERIERNAS_RUM_2015.pdf\" target=\"_blank\" rel=\"noopener noreferrer\">SERIERNAS RUM<\/a><\/p>\n","protected":false},"excerpt":{"rendered":"<p>Seriernas rum. Hur ser de ut. F\u00f6re och efter. Vad sitter kvar i v\u00e4ggarna. Vilka f\u00f6rhoppningar finns innan de tas i besittning. Seriernas rum \u00e4r ett fotografiskt dokument \u00f6ver n\u00e5gra av de sammanhang jag varit inblandad i sedan slutet av 90-talet. H\u00e4r presenteras serieutbildningarna p\u00e5 Kvarnby Folkh\u00f6gskola, HDK och Malm\u00f6 H\u00f6gskola. \/Gunnar Krantz Ladda ner [&hellip;]<\/p>\n","protected":false},"author":1,"featured_media":0,"parent":17,"menu_order":0,"comment_status":"closed","ping_status":"open","template":"","meta":{"footnotes":""},"class_list":["post-857","page","type-page","status-publish","hentry"],"_links":{"self":[{"href":"https:\/\/gunnarkrantz.se\/index.php?rest_route=\/wp\/v2\/pages\/857","targetHints":{"allow":["GET"]}}],"collection":[{"href":"https:\/\/gunnarkrantz.se\/index.php?rest_route=\/wp\/v2\/pages"}],"about":[{"href":"https:\/\/gunnarkrantz.se\/index.php?rest_route=\/wp\/v2\/types\/page"}],"author":[{"embeddable":true,"href":"https:\/\/gunnarkrantz.se\/index.php?rest_route=\/wp\/v2\/users\/1"}],"replies":[{"embeddable":true,"href":"https:\/\/gunnarkrantz.se\/index.php?rest_route=%2Fwp%2Fv2%2Fcomments&post=857"}],"version-history":[{"count":7,"href":"https:\/\/gunnarkrantz.se\/index.php?rest_route=\/wp\/v2\/pages\/857\/revisions"}],"predecessor-version":[{"id":3060,"href":"https:\/\/gunnarkrantz.se\/index.php?rest_route=\/wp\/v2\/pages\/857\/revisions\/3060"}],"up":[{"embeddable":true,"href":"https:\/\/gunnarkrantz.se\/index.php?rest_route=\/wp\/v2\/pages\/17"}],"wp:attachment":[{"href":"https:\/\/gunnarkrantz.se\/index.php?rest_route=%2Fwp%2Fv2%2Fmedia&parent=857"}],"curies":[{"name":"wp","href":"https:\/\/api.w.org\/{rel}","templated":true}]}}