{"id":91,"date":"2014-12-29T21:21:13","date_gmt":"2014-12-29T21:21:13","guid":{"rendered":"http:\/\/gunnarkrantz.se\/?page_id=91"},"modified":"2014-12-29T21:31:49","modified_gmt":"2014-12-29T21:31:49","slug":"falska-liv","status":"publish","type":"page","link":"https:\/\/gunnarkrantz.se\/?page_id=91","title":{"rendered":"FALSKA LIV"},"content":{"rendered":"<p>En slags uppf\u00f6ljare p\u00e5 Alger. Tecknad i samma stil, med samma huvudperson, fast placerad mitt i 80-talet. Om en relation och en t\u00e5gluff som sp\u00e5rar ur, p\u00e5 b\u00e5de det politiska och personliga planet. Publicerades ursprungligen som f\u00f6ljetong i serietidningen Pox ( nr 10 1986 &#8211; 2  1987).<br \/>\nHela albumet \u00e5terpublicerades i boken St\u00f6rsta M\u00f6jliga Allvar (2011).<\/p>\n<p>Pressr\u00f6ster:<\/p>\n<p>&#8220;Styrkan hos Gunnar Krantz \u00e4r framf\u00f6r allt att han \u00e4r en av de f\u00e5 unga svenskar som arbetar episkt med seriemediet&#8221;<br \/>\nNisse Larsson, Dagens Nyheter880303<\/p>\n","protected":false},"excerpt":{"rendered":"<p>En slags uppf\u00f6ljare p\u00e5 Alger. Tecknad i samma stil, med samma huvudperson, fast placerad mitt i 80-talet. Om en relation och en t\u00e5gluff som sp\u00e5rar ur, p\u00e5 b\u00e5de det politiska och personliga planet. Publicerades ursprungligen som f\u00f6ljetong i serietidningen Pox ( nr 10 1986 &#8211; 2 1987). Hela albumet \u00e5terpublicerades i boken St\u00f6rsta M\u00f6jliga Allvar [&hellip;]<\/p>\n","protected":false},"author":1,"featured_media":0,"parent":13,"menu_order":2,"comment_status":"open","ping_status":"open","template":"","meta":{"footnotes":""},"class_list":["post-91","page","type-page","status-publish","hentry"],"_links":{"self":[{"href":"https:\/\/gunnarkrantz.se\/index.php?rest_route=\/wp\/v2\/pages\/91","targetHints":{"allow":["GET"]}}],"collection":[{"href":"https:\/\/gunnarkrantz.se\/index.php?rest_route=\/wp\/v2\/pages"}],"about":[{"href":"https:\/\/gunnarkrantz.se\/index.php?rest_route=\/wp\/v2\/types\/page"}],"author":[{"embeddable":true,"href":"https:\/\/gunnarkrantz.se\/index.php?rest_route=\/wp\/v2\/users\/1"}],"replies":[{"embeddable":true,"href":"https:\/\/gunnarkrantz.se\/index.php?rest_route=%2Fwp%2Fv2%2Fcomments&post=91"}],"version-history":[{"count":1,"href":"https:\/\/gunnarkrantz.se\/index.php?rest_route=\/wp\/v2\/pages\/91\/revisions"}],"predecessor-version":[{"id":92,"href":"https:\/\/gunnarkrantz.se\/index.php?rest_route=\/wp\/v2\/pages\/91\/revisions\/92"}],"up":[{"embeddable":true,"href":"https:\/\/gunnarkrantz.se\/index.php?rest_route=\/wp\/v2\/pages\/13"}],"wp:attachment":[{"href":"https:\/\/gunnarkrantz.se\/index.php?rest_route=%2Fwp%2Fv2%2Fmedia&parent=91"}],"curies":[{"name":"wp","href":"https:\/\/api.w.org\/{rel}","templated":true}]}}